{"id":75,"date":"2023-03-07T15:24:31","date_gmt":"2023-03-07T15:24:31","guid":{"rendered":"https:\/\/ourangelstories.com\/wordpress\/?page_id=75"},"modified":"2023-03-07T20:32:26","modified_gmt":"2023-03-07T20:32:26","slug":"nuestros-cuentos-de-angeles-con-dr-tom-cole","status":"publish","type":"page","link":"https:\/\/ourangelstories.com\/wordpress\/nuestros-cuentos-de-angeles-con-dr-tom-cole\/","title":{"rendered":"Nuestros Cuentos de Angeles con Dr. Tom Cole"},"content":{"rendered":"\n<figure class=\"wp-block-image size-large\"><img loading=\"lazy\" decoding=\"async\" width=\"1024\" height=\"232\" src=\"https:\/\/ourangelstories.com\/wordpress\/wp-content\/uploads\/2023\/02\/cropped-Angels-Among-Us-Type-Graphic-1024x232.png\" alt=\"\" class=\"wp-image-53\" srcset=\"https:\/\/ourangelstories.com\/wordpress\/wp-content\/uploads\/2023\/02\/cropped-Angels-Among-Us-Type-Graphic-1024x232.png 1024w, https:\/\/ourangelstories.com\/wordpress\/wp-content\/uploads\/2023\/02\/cropped-Angels-Among-Us-Type-Graphic-300x68.png 300w, https:\/\/ourangelstories.com\/wordpress\/wp-content\/uploads\/2023\/02\/cropped-Angels-Among-Us-Type-Graphic-768x174.png 768w, https:\/\/ourangelstories.com\/wordpress\/wp-content\/uploads\/2023\/02\/cropped-Angels-Among-Us-Type-Graphic.png 1386w\" sizes=\"auto, (max-width: 1024px) 100vw, 1024px\" \/><\/figure>\n\n\n\n<div class=\"wp-block-media-text alignwide is-stacked-on-mobile\"><figure class=\"wp-block-media-text__media\"><img loading=\"lazy\" decoding=\"async\" width=\"600\" height=\"315\" src=\"https:\/\/ourangelstories.com\/wordpress\/wp-content\/uploads\/2023\/02\/Angel1.jpg\" alt=\"\" class=\"wp-image-57 size-full\" srcset=\"https:\/\/ourangelstories.com\/wordpress\/wp-content\/uploads\/2023\/02\/Angel1.jpg 600w, https:\/\/ourangelstories.com\/wordpress\/wp-content\/uploads\/2023\/02\/Angel1-300x158.jpg 300w\" sizes=\"auto, (max-width: 600px) 100vw, 600px\" \/><\/figure><div class=\"wp-block-media-text__content\">\n<p class=\"has-extra-large-font-size\">\u00bfTienes una historia de \u00e1ngeles para compartir?<\/p>\n<\/div><\/div>\n\n\n\n<hr class=\"wp-block-separator has-alpha-channel-opacity\"\/>\n\n\n\n<p class=\"has-extra-large-font-size\">Me gustar\u00eda escuchar tu historia. Estoy escribiendo un libro sobre las experiencias de las personas con los \u00e1ngeles. El t\u00edtulo es <em>\u00bfA d\u00f3nde se han ido todos los \u00e1ngeles? (Where Have All the Angels Gone?)<\/em> <\/p>\n\n\n\n<hr class=\"wp-block-separator has-alpha-channel-opacity\"\/>\n\n\n\n<div class=\"wp-block-media-text alignwide has-media-on-the-right is-stacked-on-mobile is-vertically-aligned-center\"><div class=\"wp-block-media-text__content\">\n<p class=\"has-black-color has-text-color has-extra-large-font-size\"><a href=\"https:\/\/gsu.qualtrics.com\/jfe\/form\/SV_7ZY9VTSUmlkM02q\" target=\"_blank\" rel=\"noreferrer noopener\">Haga clic aqu\u00ed<\/a> para compartir su historia.<\/p>\n\n\n\n<p class=\"has-extra-large-font-size\">Tu historia me ayudar\u00e1.<\/p>\n\n\n\n<p class=\"has-large-font-size\">Muchas gracias,<\/p>\n\n\n\n<p class=\"has-large-font-size\">Dr. Tom Cole<\/p>\n\n\n\n<p class=\"has-large-font-size\">Profesor, Escuela de Medicina McGovern, Universidad de Texas-Houston<\/p>\n\n\n\n<p class=\"has-large-font-size\">Director Espiritual, Congregaci\u00f3n Beth Israel, Houston<\/p>\n\n\n\n<p class=\"has-black-color has-text-color has-extra-large-font-size\"> &nbsp;<em>&nbsp;<\/em>&nbsp;&nbsp;<\/p>\n<\/div><figure class=\"wp-block-media-text__media\"><img loading=\"lazy\" decoding=\"async\" width=\"300\" height=\"300\" src=\"https:\/\/ourangelstories.com\/wordpress\/wp-content\/uploads\/2023\/02\/Angel2.jpg\" alt=\"\" class=\"wp-image-58 size-full\" srcset=\"https:\/\/ourangelstories.com\/wordpress\/wp-content\/uploads\/2023\/02\/Angel2.jpg 300w, https:\/\/ourangelstories.com\/wordpress\/wp-content\/uploads\/2023\/02\/Angel2-150x150.jpg 150w\" sizes=\"auto, (max-width: 300px) 100vw, 300px\" \/><\/figure><\/div>\n\n\n\n<p class=\"has-black-color has-text-color has-large-font-size\"><\/p>\n\n\n\n<div style=\"height:100px\" aria-hidden=\"true\" class=\"wp-block-spacer\"><\/div>\n","protected":false},"excerpt":{"rendered":"<p>\u00bfTienes una historia de \u00e1ngeles para compartir? Me gustar\u00eda escuchar tu historia. Estoy escribiendo un libro sobre las experiencias de las personas con los \u00e1ngeles. El t\u00edtulo es \u00bfA d\u00f3nde se han ido todos los \u00e1ngeles? (Where Have All the Angels Gone?) Haga clic aqu\u00ed para compartir su historia. Tu historia me ayudar\u00e1. Muchas gracias,&hellip; <a class=\"more-link\" href=\"https:\/\/ourangelstories.com\/wordpress\/nuestros-cuentos-de-angeles-con-dr-tom-cole\/\">Continue reading <span class=\"screen-reader-text\">Nuestros Cuentos de Angeles con Dr. Tom Cole<\/span><\/a><\/p>\n","protected":false},"author":1,"featured_media":0,"parent":0,"menu_order":0,"comment_status":"closed","ping_status":"closed","template":"","meta":{"footnotes":""},"class_list":["post-75","page","type-page","status-publish","hentry","entry"],"yoast_head":"<!-- This site is optimized with the Yoast SEO plugin v20.8 - https:\/\/yoast.com\/wordpress\/plugins\/seo\/ -->\n<title>Nuestros Cuentos de Angeles con Dr. Tom Cole - Our Angel Stories with Dr. Tom Cole<\/title>\n<meta name=\"robots\" content=\"index, follow, max-snippet:-1, max-image-preview:large, max-video-preview:-1\" \/>\n<link rel=\"canonical\" href=\"https:\/\/ourangelstories.com\/wordpress\/nuestros-cuentos-de-angeles-con-dr-tom-cole\/\" \/>\n<meta property=\"og:locale\" content=\"en_US\" \/>\n<meta property=\"og:type\" content=\"article\" \/>\n<meta property=\"og:title\" content=\"Nuestros Cuentos de Angeles con Dr. Tom Cole - Our Angel Stories with Dr. Tom Cole\" \/>\n<meta property=\"og:description\" content=\"\u00bfTienes una historia de \u00e1ngeles para compartir? Me gustar\u00eda escuchar tu historia. Estoy escribiendo un libro sobre las experiencias de las personas con los \u00e1ngeles. El t\u00edtulo es \u00bfA d\u00f3nde se han ido todos los \u00e1ngeles? (Where Have All the Angels Gone?) Haga clic aqu\u00ed para compartir su historia. Tu historia me ayudar\u00e1. Muchas gracias,&hellip; Continue reading Nuestros Cuentos de Angeles con Dr. Tom Cole\" \/>\n<meta property=\"og:url\" content=\"https:\/\/ourangelstories.com\/wordpress\/nuestros-cuentos-de-angeles-con-dr-tom-cole\/\" \/>\n<meta property=\"og:site_name\" content=\"Our Angel Stories with Dr. Tom Cole\" \/>\n<meta property=\"article:modified_time\" content=\"2023-03-07T20:32:26+00:00\" \/>\n<meta property=\"og:image\" content=\"https:\/\/ourangelstories.com\/wordpress\/wp-content\/uploads\/2023\/02\/cropped-Angels-Among-Us-Type-Graphic-1024x232.png\" \/>\n<meta name=\"twitter:card\" content=\"summary_large_image\" \/>\n<meta name=\"twitter:label1\" content=\"Est. reading time\" \/>\n\t<meta name=\"twitter:data1\" content=\"1 minute\" \/>\n<script type=\"application\/ld+json\" class=\"yoast-schema-graph\">{\"@context\":\"https:\/\/schema.org\",\"@graph\":[{\"@type\":\"WebPage\",\"@id\":\"https:\/\/ourangelstories.com\/wordpress\/nuestros-cuentos-de-angeles-con-dr-tom-cole\/\",\"url\":\"https:\/\/ourangelstories.com\/wordpress\/nuestros-cuentos-de-angeles-con-dr-tom-cole\/\",\"name\":\"Nuestros Cuentos de Angeles con Dr. Tom Cole - Our Angel Stories with Dr. Tom Cole\",\"isPartOf\":{\"@id\":\"https:\/\/ourangelstories.com\/wordpress\/#website\"},\"datePublished\":\"2023-03-07T15:24:31+00:00\",\"dateModified\":\"2023-03-07T20:32:26+00:00\",\"breadcrumb\":{\"@id\":\"https:\/\/ourangelstories.com\/wordpress\/nuestros-cuentos-de-angeles-con-dr-tom-cole\/#breadcrumb\"},\"inLanguage\":\"en-US\",\"potentialAction\":[{\"@type\":\"ReadAction\",\"target\":[\"https:\/\/ourangelstories.com\/wordpress\/nuestros-cuentos-de-angeles-con-dr-tom-cole\/\"]}]},{\"@type\":\"BreadcrumbList\",\"@id\":\"https:\/\/ourangelstories.com\/wordpress\/nuestros-cuentos-de-angeles-con-dr-tom-cole\/#breadcrumb\",\"itemListElement\":[{\"@type\":\"ListItem\",\"position\":1,\"name\":\"Home\",\"item\":\"https:\/\/ourangelstories.com\/wordpress\/\"},{\"@type\":\"ListItem\",\"position\":2,\"name\":\"Nuestros Cuentos de Angeles con Dr. Tom Cole\"}]},{\"@type\":\"WebSite\",\"@id\":\"https:\/\/ourangelstories.com\/wordpress\/#website\",\"url\":\"https:\/\/ourangelstories.com\/wordpress\/\",\"name\":\"Our Angel Stories with Dr. Tom Cole\",\"description\":\"\",\"potentialAction\":[{\"@type\":\"SearchAction\",\"target\":{\"@type\":\"EntryPoint\",\"urlTemplate\":\"https:\/\/ourangelstories.com\/wordpress\/?s={search_term_string}\"},\"query-input\":\"required name=search_term_string\"}],\"inLanguage\":\"en-US\"}]}<\/script>\n<!-- \/ Yoast SEO plugin. -->","yoast_head_json":{"title":"Nuestros Cuentos de Angeles con Dr. Tom Cole - Our Angel Stories with Dr. Tom Cole","robots":{"index":"index","follow":"follow","max-snippet":"max-snippet:-1","max-image-preview":"max-image-preview:large","max-video-preview":"max-video-preview:-1"},"canonical":"https:\/\/ourangelstories.com\/wordpress\/nuestros-cuentos-de-angeles-con-dr-tom-cole\/","og_locale":"en_US","og_type":"article","og_title":"Nuestros Cuentos de Angeles con Dr. Tom Cole - Our Angel Stories with Dr. Tom Cole","og_description":"\u00bfTienes una historia de \u00e1ngeles para compartir? Me gustar\u00eda escuchar tu historia. Estoy escribiendo un libro sobre las experiencias de las personas con los \u00e1ngeles. El t\u00edtulo es \u00bfA d\u00f3nde se han ido todos los \u00e1ngeles? (Where Have All the Angels Gone?) Haga clic aqu\u00ed para compartir su historia. Tu historia me ayudar\u00e1. Muchas gracias,&hellip; Continue reading Nuestros Cuentos de Angeles con Dr. Tom Cole","og_url":"https:\/\/ourangelstories.com\/wordpress\/nuestros-cuentos-de-angeles-con-dr-tom-cole\/","og_site_name":"Our Angel Stories with Dr. Tom Cole","article_modified_time":"2023-03-07T20:32:26+00:00","og_image":[{"url":"https:\/\/ourangelstories.com\/wordpress\/wp-content\/uploads\/2023\/02\/cropped-Angels-Among-Us-Type-Graphic-1024x232.png"}],"twitter_card":"summary_large_image","twitter_misc":{"Est. reading time":"1 minute"},"schema":{"@context":"https:\/\/schema.org","@graph":[{"@type":"WebPage","@id":"https:\/\/ourangelstories.com\/wordpress\/nuestros-cuentos-de-angeles-con-dr-tom-cole\/","url":"https:\/\/ourangelstories.com\/wordpress\/nuestros-cuentos-de-angeles-con-dr-tom-cole\/","name":"Nuestros Cuentos de Angeles con Dr. Tom Cole - Our Angel Stories with Dr. Tom Cole","isPartOf":{"@id":"https:\/\/ourangelstories.com\/wordpress\/#website"},"datePublished":"2023-03-07T15:24:31+00:00","dateModified":"2023-03-07T20:32:26+00:00","breadcrumb":{"@id":"https:\/\/ourangelstories.com\/wordpress\/nuestros-cuentos-de-angeles-con-dr-tom-cole\/#breadcrumb"},"inLanguage":"en-US","potentialAction":[{"@type":"ReadAction","target":["https:\/\/ourangelstories.com\/wordpress\/nuestros-cuentos-de-angeles-con-dr-tom-cole\/"]}]},{"@type":"BreadcrumbList","@id":"https:\/\/ourangelstories.com\/wordpress\/nuestros-cuentos-de-angeles-con-dr-tom-cole\/#breadcrumb","itemListElement":[{"@type":"ListItem","position":1,"name":"Home","item":"https:\/\/ourangelstories.com\/wordpress\/"},{"@type":"ListItem","position":2,"name":"Nuestros Cuentos de Angeles con Dr. Tom Cole"}]},{"@type":"WebSite","@id":"https:\/\/ourangelstories.com\/wordpress\/#website","url":"https:\/\/ourangelstories.com\/wordpress\/","name":"Our Angel Stories with Dr. Tom Cole","description":"","potentialAction":[{"@type":"SearchAction","target":{"@type":"EntryPoint","urlTemplate":"https:\/\/ourangelstories.com\/wordpress\/?s={search_term_string}"},"query-input":"required name=search_term_string"}],"inLanguage":"en-US"}]}},"_links":{"self":[{"href":"https:\/\/ourangelstories.com\/wordpress\/wp-json\/wp\/v2\/pages\/75","targetHints":{"allow":["GET"]}}],"collection":[{"href":"https:\/\/ourangelstories.com\/wordpress\/wp-json\/wp\/v2\/pages"}],"about":[{"href":"https:\/\/ourangelstories.com\/wordpress\/wp-json\/wp\/v2\/types\/page"}],"author":[{"embeddable":true,"href":"https:\/\/ourangelstories.com\/wordpress\/wp-json\/wp\/v2\/users\/1"}],"replies":[{"embeddable":true,"href":"https:\/\/ourangelstories.com\/wordpress\/wp-json\/wp\/v2\/comments?post=75"}],"version-history":[{"count":3,"href":"https:\/\/ourangelstories.com\/wordpress\/wp-json\/wp\/v2\/pages\/75\/revisions"}],"predecessor-version":[{"id":82,"href":"https:\/\/ourangelstories.com\/wordpress\/wp-json\/wp\/v2\/pages\/75\/revisions\/82"}],"wp:attachment":[{"href":"https:\/\/ourangelstories.com\/wordpress\/wp-json\/wp\/v2\/media?parent=75"}],"curies":[{"name":"wp","href":"https:\/\/api.w.org\/{rel}","templated":true}]}}